{"id":3693,"date":"2022-02-24T16:55:59","date_gmt":"2022-02-24T13:25:59","guid":{"rendered":"http:\/\/gemnano.com\/tarim-ve-gida-endustrileri\/"},"modified":"2022-04-03T13:39:48","modified_gmt":"2022-04-03T09:09:48","slug":"tarim-ve-gida-endustrileri","status":"publish","type":"page","link":"https:\/\/gemnano.com\/tr\/tarim-ve-gida-endustrileri\/","title":{"rendered":"Tar\u0131m ve g\u0131da end\u00fcstrileri"},"content":{"rendered":"\t\t<div data-elementor-type=\"wp-page\" data-elementor-id=\"3693\" class=\"elementor elementor-3693 elementor-974\" data-elementor-post-type=\"page\">\n\t\t\t\t\t\t<section class=\"elementor-section elementor-top-section elementor-element elementor-element-d614c60 elementor-section-boxed elementor-section-height-default elementor-section-height-default exad-glass-effect-no exad-sticky-section-no\" data-id=\"d614c60\" data-element_type=\"section\" data-settings=\"{&quot;background_background&quot;:&quot;classic&quot;}\">\n\t\t\t\t\t\t\t<div class=\"elementor-background-overlay\"><\/div>\n\t\t\t\t\t\t\t<div class=\"elementor-container elementor-column-gap-default\">\n\t\t\t\t\t<div class=\"elementor-column elementor-col-100 elementor-top-column elementor-element elementor-element-a4017b0 exad-glass-effect-no exad-sticky-section-no\" data-id=\"a4017b0\" data-element_type=\"column\">\n\t\t\t<div class=\"elementor-widget-wrap elementor-element-populated\">\n\t\t\t\t\t\t<div class=\"elementor-element elementor-element-969bc7c exad-sticky-section-no exad-glass-effect-no elementor-widget elementor-widget-heading\" data-id=\"969bc7c\" data-element_type=\"widget\" data-widget_type=\"heading.default\">\n\t\t\t\t<div class=\"elementor-widget-container\">\n\t\t\t<h1 class=\"elementor-heading-title elementor-size-default\">Tar\u0131m ve g\u0131da end\u00fcstrileri<\/h1>\t\t<\/div>\n\t\t\t\t<\/div>\n\t\t\t\t\t<\/div>\n\t\t<\/div>\n\t\t\t\t\t<\/div>\n\t\t<\/section>\n\t\t\t\t<section class=\"elementor-section elementor-top-section elementor-element elementor-element-e487660 elementor-section-boxed elementor-section-height-default elementor-section-height-default exad-glass-effect-no exad-sticky-section-no\" data-id=\"e487660\" data-element_type=\"section\" data-settings=\"{&quot;background_background&quot;:&quot;classic&quot;}\">\n\t\t\t\t\t\t<div class=\"elementor-container elementor-column-gap-default\">\n\t\t\t\t\t<div class=\"elementor-column elementor-col-100 elementor-top-column elementor-element elementor-element-9218d8f exad-glass-effect-no exad-sticky-section-no\" data-id=\"9218d8f\" data-element_type=\"column\">\n\t\t\t<div class=\"elementor-widget-wrap elementor-element-populated\">\n\t\t\t\t\t\t<div class=\"elementor-element elementor-element-dc71d63 elementor-widget__width-auto exad-sticky-section-no exad-glass-effect-no elementor-widget elementor-widget-heading\" data-id=\"dc71d63\" data-element_type=\"widget\" data-widget_type=\"heading.default\">\n\t\t\t\t<div class=\"elementor-widget-container\">\n\t\t\t<h3 class=\"elementor-heading-title elementor-size-default\">Tar\u0131m ve g\u0131da end\u00fcstrileri<\/h3>\t\t<\/div>\n\t\t\t\t<\/div>\n\t\t\t\t<div class=\"elementor-element elementor-element-21de667 exad-sticky-section-no exad-glass-effect-no elementor-widget elementor-widget-text-editor\" data-id=\"21de667\" data-element_type=\"widget\" data-widget_type=\"text-editor.default\">\n\t\t\t\t<div class=\"elementor-widget-container\">\n\t\t\t\t\t\t\t<p>Tar\u0131m ve g\u0131da end\u00fcstrileri, Nano kaplama teknolojisinin kullan\u0131m\u0131 i\u00e7in \u015fimdiye kadar bir\u00e7ok uygulaman\u0131n sunuldu\u011fu end\u00fcstriler aras\u0131ndad\u0131r. A\u015f\u0131nma, korozyon ve darbe dayan\u0131m\u0131na kar\u015f\u0131 Nano kaplamalar\u0131n kullan\u0131ld\u0131\u011f\u0131 tar\u0131m sekt\u00f6r\u00fcnde kullan\u0131lan bi\u00e7erd\u00f6verlerin kesici b\u0131\u00e7aklar\u0131 ile makinelerin motor y\u00fczeyleri, di\u015flileri ve yataklar\u0131 gibi ekipmanlar\u0131n\u0131n bak\u0131m ve onar\u0131m\u0131 bu uygulamalar aras\u0131nda yer almaktad\u0131r. GEM-PVD sert kaplaman\u0131n en \u00f6nemlilerinden biri g\u0131da i\u015fleme makinelerinin aksamlar\u0131d\u0131r.<\/p>\t\t\t\t\t\t<\/div>\n\t\t\t\t<\/div>\n\t\t\t\t<section class=\"elementor-section elementor-inner-section elementor-element elementor-element-fcece74 elementor-section-boxed elementor-section-height-default elementor-section-height-default exad-glass-effect-no exad-sticky-section-no\" data-id=\"fcece74\" data-element_type=\"section\">\n\t\t\t\t\t\t<div class=\"elementor-container elementor-column-gap-default\">\n\t\t\t\t\t<div class=\"elementor-column elementor-col-50 elementor-inner-column elementor-element elementor-element-1e752db exad-glass-effect-no exad-sticky-section-no\" data-id=\"1e752db\" data-element_type=\"column\">\n\t\t\t<div class=\"elementor-widget-wrap elementor-element-populated\">\n\t\t\t\t\t\t<div class=\"elementor-element elementor-element-1960e27 animated-slow exad-sticky-section-no exad-glass-effect-no elementor-invisible elementor-widget elementor-widget-image\" data-id=\"1960e27\" data-element_type=\"widget\" data-settings=\"{&quot;_animation&quot;:&quot;slideInLeft&quot;}\" data-widget_type=\"image.default\">\n\t\t\t\t<div class=\"elementor-widget-container\">\n\t\t\t\t\t\t\t\t\t\t\t\t\t<img fetchpriority=\"high\" decoding=\"async\" width=\"514\" height=\"311\" src=\"https:\/\/gemnano.com\/wp-content\/uploads\/2022\/02\/h1.webp\" class=\"attachment-full size-full wp-image-3051\" alt=\"\" srcset=\"https:\/\/gemnano.com\/wp-content\/uploads\/2022\/02\/h1.webp 514w, https:\/\/gemnano.com\/wp-content\/uploads\/2022\/02\/h1-300x182.webp 300w\" sizes=\"(max-width: 514px) 100vw, 514px\" \/>\t\t\t\t\t\t\t\t\t\t\t\t\t<\/div>\n\t\t\t\t<\/div>\n\t\t\t\t\t<\/div>\n\t\t<\/div>\n\t\t\t\t<div class=\"elementor-column elementor-col-50 elementor-inner-column elementor-element elementor-element-4dbc2ac exad-glass-effect-no exad-sticky-section-no\" data-id=\"4dbc2ac\" data-element_type=\"column\">\n\t\t\t<div class=\"elementor-widget-wrap elementor-element-populated\">\n\t\t\t\t\t\t<div class=\"elementor-element elementor-element-5051a40 animated-slow exad-sticky-section-no exad-glass-effect-no elementor-invisible elementor-widget elementor-widget-image\" data-id=\"5051a40\" data-element_type=\"widget\" data-settings=\"{&quot;_animation&quot;:&quot;slideInRight&quot;}\" data-widget_type=\"image.default\">\n\t\t\t\t<div class=\"elementor-widget-container\">\n\t\t\t\t\t\t\t\t\t\t\t\t\t<img decoding=\"async\" width=\"417\" height=\"352\" src=\"https:\/\/gemnano.com\/wp-content\/uploads\/2022\/02\/h2.webp\" class=\"attachment-full size-full wp-image-3052\" alt=\"\" srcset=\"https:\/\/gemnano.com\/wp-content\/uploads\/2022\/02\/h2.webp 417w, https:\/\/gemnano.com\/wp-content\/uploads\/2022\/02\/h2-300x253.webp 300w\" sizes=\"(max-width: 417px) 100vw, 417px\" \/>\t\t\t\t\t\t\t\t\t\t\t\t\t<\/div>\n\t\t\t\t<\/div>\n\t\t\t\t\t<\/div>\n\t\t<\/div>\n\t\t\t\t\t<\/div>\n\t\t<\/section>\n\t\t\t\t<section class=\"elementor-section elementor-inner-section elementor-element elementor-element-c2e6ff0 elementor-section-boxed elementor-section-height-default elementor-section-height-default exad-glass-effect-no exad-sticky-section-no\" data-id=\"c2e6ff0\" data-element_type=\"section\">\n\t\t\t\t\t\t<div class=\"elementor-container elementor-column-gap-default\">\n\t\t\t\t\t<div class=\"elementor-column elementor-col-50 elementor-inner-column elementor-element elementor-element-a4d643d exad-glass-effect-no exad-sticky-section-no\" data-id=\"a4d643d\" data-element_type=\"column\">\n\t\t\t<div class=\"elementor-widget-wrap elementor-element-populated\">\n\t\t\t\t\t\t<div class=\"elementor-element elementor-element-a7fc521 animated-slow exad-sticky-section-no exad-glass-effect-no elementor-invisible elementor-widget elementor-widget-image\" data-id=\"a7fc521\" data-element_type=\"widget\" data-settings=\"{&quot;_animation&quot;:&quot;rotateIn&quot;}\" data-widget_type=\"image.default\">\n\t\t\t\t<div class=\"elementor-widget-container\">\n\t\t\t\t\t\t\t\t\t\t\t\t\t<img decoding=\"async\" width=\"791\" height=\"312\" src=\"https:\/\/gemnano.com\/wp-content\/uploads\/2022\/02\/h4.webp\" class=\"attachment-full size-full wp-image-3054\" alt=\"\" srcset=\"https:\/\/gemnano.com\/wp-content\/uploads\/2022\/02\/h4.webp 791w, https:\/\/gemnano.com\/wp-content\/uploads\/2022\/02\/h4-300x118.webp 300w, https:\/\/gemnano.com\/wp-content\/uploads\/2022\/02\/h4-768x303.webp 768w\" sizes=\"(max-width: 791px) 100vw, 791px\" \/>\t\t\t\t\t\t\t\t\t\t\t\t\t<\/div>\n\t\t\t\t<\/div>\n\t\t\t\t\t<\/div>\n\t\t<\/div>\n\t\t\t\t<div class=\"elementor-column elementor-col-50 elementor-inner-column elementor-element elementor-element-190b322 exad-glass-effect-no exad-sticky-section-no\" data-id=\"190b322\" data-element_type=\"column\">\n\t\t\t<div class=\"elementor-widget-wrap elementor-element-populated\">\n\t\t\t\t\t\t<div class=\"elementor-element elementor-element-7e34db9 animated-slow exad-sticky-section-no exad-glass-effect-no elementor-invisible elementor-widget elementor-widget-image\" data-id=\"7e34db9\" data-element_type=\"widget\" data-settings=\"{&quot;_animation&quot;:&quot;rotateIn&quot;}\" data-widget_type=\"image.default\">\n\t\t\t\t<div class=\"elementor-widget-container\">\n\t\t\t\t\t\t\t\t\t\t\t\t\t<img loading=\"lazy\" decoding=\"async\" width=\"600\" height=\"500\" src=\"https:\/\/gemnano.com\/wp-content\/uploads\/2022\/02\/h5.webp\" class=\"attachment-full size-full wp-image-3055\" alt=\"\" srcset=\"https:\/\/gemnano.com\/wp-content\/uploads\/2022\/02\/h5.webp 600w, https:\/\/gemnano.com\/wp-content\/uploads\/2022\/02\/h5-300x250.webp 300w\" sizes=\"(max-width: 600px) 100vw, 600px\" \/>\t\t\t\t\t\t\t\t\t\t\t\t\t<\/div>\n\t\t\t\t<\/div>\n\t\t\t\t\t<\/div>\n\t\t<\/div>\n\t\t\t\t\t<\/div>\n\t\t<\/section>\n\t\t\t\t<section class=\"elementor-section elementor-inner-section elementor-element elementor-element-51dc68f elementor-section-boxed elementor-section-height-default elementor-section-height-default exad-glass-effect-no exad-sticky-section-no\" data-id=\"51dc68f\" data-element_type=\"section\">\n\t\t\t\t\t\t<div class=\"elementor-container elementor-column-gap-default\">\n\t\t\t\t\t<div class=\"elementor-column elementor-col-33 elementor-inner-column elementor-element elementor-element-fc11bb0 exad-glass-effect-no exad-sticky-section-no\" data-id=\"fc11bb0\" data-element_type=\"column\">\n\t\t\t<div class=\"elementor-widget-wrap elementor-element-populated\">\n\t\t\t\t\t\t<div class=\"elementor-element elementor-element-a81da19 animated-slow exad-sticky-section-no exad-glass-effect-no elementor-invisible elementor-widget elementor-widget-image\" data-id=\"a81da19\" data-element_type=\"widget\" data-settings=\"{&quot;_animation&quot;:&quot;slideInUp&quot;}\" data-widget_type=\"image.default\">\n\t\t\t\t<div class=\"elementor-widget-container\">\n\t\t\t\t\t\t\t\t\t\t\t\t\t<img loading=\"lazy\" decoding=\"async\" width=\"344\" height=\"242\" src=\"https:\/\/gemnano.com\/wp-content\/uploads\/2022\/02\/h3.webp\" class=\"attachment-full size-full wp-image-3053\" alt=\"\" srcset=\"https:\/\/gemnano.com\/wp-content\/uploads\/2022\/02\/h3.webp 344w, https:\/\/gemnano.com\/wp-content\/uploads\/2022\/02\/h3-300x211.webp 300w\" sizes=\"(max-width: 344px) 100vw, 344px\" \/>\t\t\t\t\t\t\t\t\t\t\t\t\t<\/div>\n\t\t\t\t<\/div>\n\t\t\t\t\t<\/div>\n\t\t<\/div>\n\t\t\t\t<div class=\"elementor-column elementor-col-33 elementor-inner-column elementor-element elementor-element-59a3572 exad-glass-effect-no exad-sticky-section-no\" data-id=\"59a3572\" data-element_type=\"column\">\n\t\t\t<div class=\"elementor-widget-wrap elementor-element-populated\">\n\t\t\t\t\t\t<div class=\"elementor-element elementor-element-b80f961 animated-slow exad-sticky-section-no exad-glass-effect-no elementor-invisible elementor-widget elementor-widget-image\" data-id=\"b80f961\" data-element_type=\"widget\" data-settings=\"{&quot;_animation&quot;:&quot;slideInLeft&quot;}\" data-widget_type=\"image.default\">\n\t\t\t\t<div class=\"elementor-widget-container\">\n\t\t\t\t\t\t\t\t\t\t\t\t\t<img loading=\"lazy\" decoding=\"async\" width=\"760\" height=\"441\" src=\"https:\/\/gemnano.com\/wp-content\/uploads\/2022\/02\/h13.webp\" class=\"attachment-full size-full wp-image-3063\" alt=\"\" srcset=\"https:\/\/gemnano.com\/wp-content\/uploads\/2022\/02\/h13.webp 760w, https:\/\/gemnano.com\/wp-content\/uploads\/2022\/02\/h13-300x174.webp 300w\" sizes=\"(max-width: 760px) 100vw, 760px\" \/>\t\t\t\t\t\t\t\t\t\t\t\t\t<\/div>\n\t\t\t\t<\/div>\n\t\t\t\t\t<\/div>\n\t\t<\/div>\n\t\t\t\t<div class=\"elementor-column elementor-col-33 elementor-inner-column elementor-element elementor-element-e17ec77 exad-glass-effect-no exad-sticky-section-no\" data-id=\"e17ec77\" data-element_type=\"column\">\n\t\t\t<div class=\"elementor-widget-wrap elementor-element-populated\">\n\t\t\t\t\t\t<div class=\"elementor-element elementor-element-77767c6 animated-slow exad-sticky-section-no exad-glass-effect-no elementor-invisible elementor-widget elementor-widget-image\" data-id=\"77767c6\" data-element_type=\"widget\" data-settings=\"{&quot;_animation&quot;:&quot;slideInDown&quot;}\" data-widget_type=\"image.default\">\n\t\t\t\t<div class=\"elementor-widget-container\">\n\t\t\t\t\t\t\t\t\t\t\t\t\t<img loading=\"lazy\" decoding=\"async\" width=\"1080\" height=\"608\" src=\"https:\/\/gemnano.com\/wp-content\/uploads\/2022\/02\/h6.webp\" class=\"attachment-full size-full wp-image-3056\" alt=\"\" srcset=\"https:\/\/gemnano.com\/wp-content\/uploads\/2022\/02\/h6.webp 1080w, https:\/\/gemnano.com\/wp-content\/uploads\/2022\/02\/h6-300x169.webp 300w, https:\/\/gemnano.com\/wp-content\/uploads\/2022\/02\/h6-1024x576.webp 1024w, https:\/\/gemnano.com\/wp-content\/uploads\/2022\/02\/h6-768x432.webp 768w\" sizes=\"(max-width: 1080px) 100vw, 1080px\" \/>\t\t\t\t\t\t\t\t\t\t\t\t\t<\/div>\n\t\t\t\t<\/div>\n\t\t\t\t\t<\/div>\n\t\t<\/div>\n\t\t\t\t\t<\/div>\n\t\t<\/section>\n\t\t\t\t<section class=\"elementor-section elementor-inner-section elementor-element elementor-element-06a43f1 elementor-section-boxed elementor-section-height-default elementor-section-height-default exad-glass-effect-no exad-sticky-section-no\" data-id=\"06a43f1\" data-element_type=\"section\">\n\t\t\t\t\t\t<div class=\"elementor-container elementor-column-gap-default\">\n\t\t\t\t\t<div class=\"elementor-column elementor-col-50 elementor-inner-column elementor-element elementor-element-b5b41a3 exad-glass-effect-no exad-sticky-section-no\" data-id=\"b5b41a3\" data-element_type=\"column\">\n\t\t\t<div class=\"elementor-widget-wrap elementor-element-populated\">\n\t\t\t\t\t\t<div class=\"elementor-element elementor-element-d76b0a2 animated-slow exad-sticky-section-no exad-glass-effect-no elementor-invisible elementor-widget elementor-widget-image\" data-id=\"d76b0a2\" data-element_type=\"widget\" data-settings=\"{&quot;_animation&quot;:&quot;slideInLeft&quot;}\" data-widget_type=\"image.default\">\n\t\t\t\t<div class=\"elementor-widget-container\">\n\t\t\t\t\t\t\t\t\t\t\t\t\t<img loading=\"lazy\" decoding=\"async\" width=\"1080\" height=\"718\" src=\"https:\/\/gemnano.com\/wp-content\/uploads\/2022\/02\/h8.webp\" class=\"attachment-full size-full wp-image-3058\" alt=\"\" srcset=\"https:\/\/gemnano.com\/wp-content\/uploads\/2022\/02\/h8.webp 1080w, https:\/\/gemnano.com\/wp-content\/uploads\/2022\/02\/h8-300x199.webp 300w, https:\/\/gemnano.com\/wp-content\/uploads\/2022\/02\/h8-1024x681.webp 1024w, https:\/\/gemnano.com\/wp-content\/uploads\/2022\/02\/h8-768x511.webp 768w\" sizes=\"(max-width: 1080px) 100vw, 1080px\" \/>\t\t\t\t\t\t\t\t\t\t\t\t\t<\/div>\n\t\t\t\t<\/div>\n\t\t\t\t\t<\/div>\n\t\t<\/div>\n\t\t\t\t<div class=\"elementor-column elementor-col-50 elementor-inner-column elementor-element elementor-element-de02ca3 exad-glass-effect-no exad-sticky-section-no\" data-id=\"de02ca3\" data-element_type=\"column\">\n\t\t\t<div class=\"elementor-widget-wrap elementor-element-populated\">\n\t\t\t\t\t\t<div class=\"elementor-element elementor-element-72e7d75 animated-slow exad-sticky-section-no exad-glass-effect-no elementor-invisible elementor-widget elementor-widget-image\" data-id=\"72e7d75\" data-element_type=\"widget\" data-settings=\"{&quot;_animation&quot;:&quot;slideInRight&quot;}\" data-widget_type=\"image.default\">\n\t\t\t\t<div class=\"elementor-widget-container\">\n\t\t\t\t\t\t\t\t\t\t\t\t\t<img loading=\"lazy\" decoding=\"async\" width=\"628\" height=\"249\" src=\"https:\/\/gemnano.com\/wp-content\/uploads\/2022\/02\/h7.webp\" class=\"attachment-full size-full wp-image-3057\" alt=\"\" srcset=\"https:\/\/gemnano.com\/wp-content\/uploads\/2022\/02\/h7.webp 628w, https:\/\/gemnano.com\/wp-content\/uploads\/2022\/02\/h7-300x119.webp 300w\" sizes=\"(max-width: 628px) 100vw, 628px\" \/>\t\t\t\t\t\t\t\t\t\t\t\t\t<\/div>\n\t\t\t\t<\/div>\n\t\t\t\t\t<\/div>\n\t\t<\/div>\n\t\t\t\t\t<\/div>\n\t\t<\/section>\n\t\t\t\t<section class=\"elementor-section elementor-inner-section elementor-element elementor-element-e8c0052 elementor-section-boxed elementor-section-height-default elementor-section-height-default exad-glass-effect-no exad-sticky-section-no\" data-id=\"e8c0052\" data-element_type=\"section\">\n\t\t\t\t\t\t<div class=\"elementor-container elementor-column-gap-default\">\n\t\t\t\t\t<div class=\"elementor-column elementor-col-50 elementor-inner-column elementor-element elementor-element-9d1efad exad-glass-effect-no exad-sticky-section-no\" data-id=\"9d1efad\" data-element_type=\"column\">\n\t\t\t<div class=\"elementor-widget-wrap elementor-element-populated\">\n\t\t\t\t\t\t<div class=\"elementor-element elementor-element-f0f7c30 exad-sticky-section-no exad-glass-effect-no elementor-invisible elementor-widget elementor-widget-image\" data-id=\"f0f7c30\" data-element_type=\"widget\" data-settings=\"{&quot;_animation&quot;:&quot;rotateInDownLeft&quot;}\" data-widget_type=\"image.default\">\n\t\t\t\t<div class=\"elementor-widget-container\">\n\t\t\t\t\t\t\t\t\t\t\t\t\t<img loading=\"lazy\" decoding=\"async\" width=\"561\" height=\"355\" src=\"https:\/\/gemnano.com\/wp-content\/uploads\/2022\/02\/h9.webp\" class=\"attachment-full size-full wp-image-3059\" alt=\"\" srcset=\"https:\/\/gemnano.com\/wp-content\/uploads\/2022\/02\/h9.webp 561w, https:\/\/gemnano.com\/wp-content\/uploads\/2022\/02\/h9-300x190.webp 300w\" sizes=\"(max-width: 561px) 100vw, 561px\" \/>\t\t\t\t\t\t\t\t\t\t\t\t\t<\/div>\n\t\t\t\t<\/div>\n\t\t\t\t\t<\/div>\n\t\t<\/div>\n\t\t\t\t<div class=\"elementor-column elementor-col-50 elementor-inner-column elementor-element elementor-element-8d9621c exad-glass-effect-no exad-sticky-section-no\" data-id=\"8d9621c\" data-element_type=\"column\">\n\t\t\t<div class=\"elementor-widget-wrap elementor-element-populated\">\n\t\t\t\t\t\t<div class=\"elementor-element elementor-element-1ec266c exad-sticky-section-no exad-glass-effect-no elementor-invisible elementor-widget elementor-widget-image\" data-id=\"1ec266c\" data-element_type=\"widget\" data-settings=\"{&quot;_animation&quot;:&quot;slideInUp&quot;}\" data-widget_type=\"image.default\">\n\t\t\t\t<div class=\"elementor-widget-container\">\n\t\t\t\t\t\t\t\t\t\t\t\t\t<img loading=\"lazy\" decoding=\"async\" width=\"564\" height=\"465\" src=\"https:\/\/gemnano.com\/wp-content\/uploads\/2022\/02\/h10.webp\" class=\"attachment-full size-full wp-image-3060\" alt=\"\" srcset=\"https:\/\/gemnano.com\/wp-content\/uploads\/2022\/02\/h10.webp 564w, https:\/\/gemnano.com\/wp-content\/uploads\/2022\/02\/h10-300x247.webp 300w\" sizes=\"(max-width: 564px) 100vw, 564px\" \/>\t\t\t\t\t\t\t\t\t\t\t\t\t<\/div>\n\t\t\t\t<\/div>\n\t\t\t\t\t<\/div>\n\t\t<\/div>\n\t\t\t\t\t<\/div>\n\t\t<\/section>\n\t\t\t\t<section class=\"elementor-section elementor-inner-section elementor-element elementor-element-5dd9c93 elementor-section-boxed elementor-section-height-default elementor-section-height-default exad-glass-effect-no exad-sticky-section-no\" data-id=\"5dd9c93\" data-element_type=\"section\">\n\t\t\t\t\t\t<div class=\"elementor-container elementor-column-gap-default\">\n\t\t\t\t\t<div class=\"elementor-column elementor-col-100 elementor-inner-column elementor-element elementor-element-9eb03e8 exad-glass-effect-no exad-sticky-section-no\" data-id=\"9eb03e8\" data-element_type=\"column\">\n\t\t\t<div class=\"elementor-widget-wrap elementor-element-populated\">\n\t\t\t\t\t\t<div class=\"elementor-element elementor-element-107cdda animated-slow exad-sticky-section-no exad-glass-effect-no elementor-invisible elementor-widget elementor-widget-image\" data-id=\"107cdda\" data-element_type=\"widget\" data-settings=\"{&quot;_animation&quot;:&quot;rotateIn&quot;}\" data-widget_type=\"image.default\">\n\t\t\t\t<div class=\"elementor-widget-container\">\n\t\t\t\t\t\t\t\t\t\t\t\t\t<img loading=\"lazy\" decoding=\"async\" width=\"739\" height=\"416\" src=\"https:\/\/gemnano.com\/wp-content\/uploads\/2022\/02\/h11.webp\" class=\"attachment-full size-full wp-image-3061\" alt=\"\" srcset=\"https:\/\/gemnano.com\/wp-content\/uploads\/2022\/02\/h11.webp 739w, https:\/\/gemnano.com\/wp-content\/uploads\/2022\/02\/h11-300x169.webp 300w\" sizes=\"(max-width: 739px) 100vw, 739px\" \/>\t\t\t\t\t\t\t\t\t\t\t\t\t<\/div>\n\t\t\t\t<\/div>\n\t\t\t\t\t<\/div>\n\t\t<\/div>\n\t\t\t\t\t<\/div>\n\t\t<\/section>\n\t\t\t\t\t<\/div>\n\t\t<\/div>\n\t\t\t\t\t<\/div>\n\t\t<\/section>\n\t\t\t\t<\/div>\n\t\t","protected":false},"excerpt":{"rendered":"<p>Tar\u0131m ve g\u0131da end\u00fcstrileri Tar\u0131m ve g\u0131da end\u00fcstrileri Tar\u0131m ve g\u0131da end\u00fcstrileri, Nano kaplama teknolojisinin kullan\u0131m\u0131 i\u00e7in \u015fimdiye kadar bir\u00e7ok uygulaman\u0131n sunuldu\u011fu end\u00fcstriler aras\u0131ndad\u0131r. A\u015f\u0131nma, korozyon ve darbe dayan\u0131m\u0131na kar\u015f\u0131 Nano kaplamalar\u0131n kullan\u0131ld\u0131\u011f\u0131 tar\u0131m sekt\u00f6r\u00fcnde kullan\u0131lan bi\u00e7erd\u00f6verlerin kesici b\u0131\u00e7aklar\u0131 ile makinelerin motor y\u00fczeyleri, di\u015flileri ve yataklar\u0131 gibi ekipmanlar\u0131n\u0131n bak\u0131m ve onar\u0131m\u0131 bu uygulamalar aras\u0131nda yer &hellip;<\/p>\n<p class=\"read-more\"> <a class=\"\" href=\"https:\/\/gemnano.com\/tr\/tarim-ve-gida-endustrileri\/\"> <span class=\"screen-reader-text\">Tar\u0131m ve g\u0131da end\u00fcstrileri<\/span> Devam\u0131 &raquo;<\/a><\/p>\n","protected":false},"author":1,"featured_media":0,"parent":0,"menu_order":0,"comment_status":"closed","ping_status":"closed","template":"","meta":{"footnotes":""},"class_list":["post-3693","page","type-page","status-publish","hentry"],"_links":{"self":[{"href":"https:\/\/gemnano.com\/tr\/wp-json\/wp\/v2\/pages\/3693","targetHints":{"allow":["GET"]}}],"collection":[{"href":"https:\/\/gemnano.com\/tr\/wp-json\/wp\/v2\/pages"}],"about":[{"href":"https:\/\/gemnano.com\/tr\/wp-json\/wp\/v2\/types\/page"}],"author":[{"embeddable":true,"href":"https:\/\/gemnano.com\/tr\/wp-json\/wp\/v2\/users\/1"}],"replies":[{"embeddable":true,"href":"https:\/\/gemnano.com\/tr\/wp-json\/wp\/v2\/comments?post=3693"}],"version-history":[{"count":4,"href":"https:\/\/gemnano.com\/tr\/wp-json\/wp\/v2\/pages\/3693\/revisions"}],"predecessor-version":[{"id":4062,"href":"https:\/\/gemnano.com\/tr\/wp-json\/wp\/v2\/pages\/3693\/revisions\/4062"}],"wp:attachment":[{"href":"https:\/\/gemnano.com\/tr\/wp-json\/wp\/v2\/media?parent=3693"}],"curies":[{"name":"wp","href":"https:\/\/api.w.org\/{rel}","templated":true}]}}