{"id":3695,"date":"2022-02-24T15:10:48","date_gmt":"2022-02-24T11:40:48","guid":{"rendered":"http:\/\/gemnano.com\/havacilik-endustrileri\/"},"modified":"2022-12-20T13:51:58","modified_gmt":"2022-12-20T10:21:58","slug":"havacilik-endustrileri","status":"publish","type":"page","link":"https:\/\/gemnano.com\/tr\/havacilik-endustrileri\/","title":{"rendered":"Havac\u0131l\u0131k end\u00fcstrileri"},"content":{"rendered":"\t\t<div data-elementor-type=\"wp-page\" data-elementor-id=\"3695\" class=\"elementor elementor-3695 elementor-936\" data-elementor-post-type=\"page\">\n\t\t\t\t\t\t<section class=\"elementor-section elementor-top-section elementor-element elementor-element-d614c60 elementor-section-boxed elementor-section-height-default elementor-section-height-default exad-glass-effect-no exad-sticky-section-no\" data-id=\"d614c60\" data-element_type=\"section\" data-settings=\"{&quot;background_background&quot;:&quot;classic&quot;}\">\n\t\t\t\t\t\t\t<div class=\"elementor-background-overlay\"><\/div>\n\t\t\t\t\t\t\t<div class=\"elementor-container elementor-column-gap-default\">\n\t\t\t\t\t<div class=\"elementor-column elementor-col-100 elementor-top-column elementor-element elementor-element-a4017b0 exad-glass-effect-no exad-sticky-section-no\" data-id=\"a4017b0\" data-element_type=\"column\">\n\t\t\t<div class=\"elementor-widget-wrap elementor-element-populated\">\n\t\t\t\t\t\t<div class=\"elementor-element elementor-element-969bc7c exad-sticky-section-no exad-glass-effect-no elementor-widget elementor-widget-heading\" data-id=\"969bc7c\" data-element_type=\"widget\" data-widget_type=\"heading.default\">\n\t\t\t\t<div class=\"elementor-widget-container\">\n\t\t\t<h1 class=\"elementor-heading-title elementor-size-default\">Havac\u0131l\u0131k end\u00fcstrileri<\/h1>\t\t<\/div>\n\t\t\t\t<\/div>\n\t\t\t\t\t<\/div>\n\t\t<\/div>\n\t\t\t\t\t<\/div>\n\t\t<\/section>\n\t\t\t\t<section class=\"elementor-section elementor-top-section elementor-element elementor-element-e487660 elementor-section-boxed elementor-section-height-default elementor-section-height-default exad-glass-effect-no exad-sticky-section-no\" data-id=\"e487660\" data-element_type=\"section\" data-settings=\"{&quot;background_background&quot;:&quot;classic&quot;}\">\n\t\t\t\t\t\t<div class=\"elementor-container elementor-column-gap-default\">\n\t\t\t\t\t<div class=\"elementor-column elementor-col-100 elementor-top-column elementor-element elementor-element-9218d8f exad-glass-effect-no exad-sticky-section-no\" data-id=\"9218d8f\" data-element_type=\"column\">\n\t\t\t<div class=\"elementor-widget-wrap elementor-element-populated\">\n\t\t\t\t\t\t<div class=\"elementor-element elementor-element-dc71d63 elementor-widget__width-auto exad-sticky-section-no exad-glass-effect-no elementor-widget elementor-widget-heading\" data-id=\"dc71d63\" data-element_type=\"widget\" data-widget_type=\"heading.default\">\n\t\t\t\t<div class=\"elementor-widget-container\">\n\t\t\t<h3 class=\"elementor-heading-title elementor-size-default\">Havac\u0131l\u0131k end\u00fcstrileri<\/h3>\t\t<\/div>\n\t\t\t\t<\/div>\n\t\t\t\t<div class=\"elementor-element elementor-element-21de667 exad-sticky-section-no exad-glass-effect-no elementor-widget elementor-widget-text-editor\" data-id=\"21de667\" data-element_type=\"widget\" data-widget_type=\"text-editor.default\">\n\t\t\t\t<div class=\"elementor-widget-container\">\n\t\t\t\t\t\t\t<p>Nano kaplamalar ayr\u0131ca havac\u0131l\u0131k end\u00fcstrisinde de kullan\u0131lmaktad\u0131r ve ticari olarak uzun y\u0131llard\u0131r kullan\u0131lmaktad\u0131r. Bu alanda nano yap\u0131l\u0131 kaplamalar\u0131n kullan\u0131lmas\u0131 ekipman ve par\u00e7alar\u0131n g\u00fcvenilirli\u011fini ve hizmet \u00f6mr\u00fcn\u00fc artt\u0131rmakta ve bu tip kaplamalar\u0131n uygulanmas\u0131 herhangi bir \u00e7evre kirlili\u011fine neden olmamaktad\u0131r. \u00d6te yandan motor bile\u015fenlerinin y\u00fcksek s\u0131cakl\u0131\u011fa, \u00e7evre ko\u015fullar\u0131na, korozyona ve a\u015f\u0131nmaya kar\u015f\u0131 direnci artar.<\/p>\n\t\t\t\t\t\t<\/div>\n\t\t\t\t<\/div>\n\t\t\t\t<div class=\"elementor-element elementor-element-54a0d98 animated-slow exad-sticky-section-no exad-glass-effect-no elementor-invisible elementor-widget elementor-widget-image\" data-id=\"54a0d98\" data-element_type=\"widget\" data-settings=\"{&quot;_animation&quot;:&quot;slideInRight&quot;}\" data-widget_type=\"image.default\">\n\t\t\t\t<div class=\"elementor-widget-container\">\n\t\t\t\t\t\t\t\t\t\t\t\t\t<img fetchpriority=\"high\" decoding=\"async\" width=\"976\" height=\"672\" src=\"https:\/\/gemnano.com\/wp-content\/uploads\/2022\/02\/d1.webp\" class=\"attachment-full size-full wp-image-939\" alt=\"\" srcset=\"https:\/\/gemnano.com\/wp-content\/uploads\/2022\/02\/d1.webp 976w, https:\/\/gemnano.com\/wp-content\/uploads\/2022\/02\/d1-300x207.webp 300w, https:\/\/gemnano.com\/wp-content\/uploads\/2022\/02\/d1-768x529.webp 768w\" sizes=\"(max-width: 976px) 100vw, 976px\" \/>\t\t\t\t\t\t\t\t\t\t\t\t\t<\/div>\n\t\t\t\t<\/div>\n\t\t\t\t<section class=\"elementor-section elementor-inner-section elementor-element elementor-element-3eed63b elementor-section-boxed elementor-section-height-default elementor-section-height-default exad-glass-effect-no exad-sticky-section-no\" data-id=\"3eed63b\" data-element_type=\"section\">\n\t\t\t\t\t\t<div class=\"elementor-container elementor-column-gap-default\">\n\t\t\t\t\t<div class=\"elementor-column elementor-col-50 elementor-inner-column elementor-element elementor-element-fdbdcb2 exad-glass-effect-no exad-sticky-section-no\" data-id=\"fdbdcb2\" data-element_type=\"column\">\n\t\t\t<div class=\"elementor-widget-wrap elementor-element-populated\">\n\t\t\t\t\t\t<div class=\"elementor-element elementor-element-fb389e4 animated-slow exad-sticky-section-no exad-glass-effect-no elementor-invisible elementor-widget elementor-widget-image\" data-id=\"fb389e4\" data-element_type=\"widget\" data-settings=\"{&quot;_animation&quot;:&quot;rotateIn&quot;}\" data-widget_type=\"image.default\">\n\t\t\t\t<div class=\"elementor-widget-container\">\n\t\t\t\t\t\t\t\t\t\t\t\t\t<img decoding=\"async\" width=\"1080\" height=\"720\" src=\"https:\/\/gemnano.com\/wp-content\/uploads\/2022\/02\/d3.webp\" class=\"attachment-full size-full wp-image-941\" alt=\"\" srcset=\"https:\/\/gemnano.com\/wp-content\/uploads\/2022\/02\/d3.webp 1080w, https:\/\/gemnano.com\/wp-content\/uploads\/2022\/02\/d3-300x200.webp 300w, https:\/\/gemnano.com\/wp-content\/uploads\/2022\/02\/d3-1024x683.webp 1024w, https:\/\/gemnano.com\/wp-content\/uploads\/2022\/02\/d3-768x512.webp 768w\" sizes=\"(max-width: 1080px) 100vw, 1080px\" \/>\t\t\t\t\t\t\t\t\t\t\t\t\t<\/div>\n\t\t\t\t<\/div>\n\t\t\t\t\t<\/div>\n\t\t<\/div>\n\t\t\t\t<div class=\"elementor-column elementor-col-50 elementor-inner-column elementor-element elementor-element-e01cb00 exad-glass-effect-no exad-sticky-section-no\" data-id=\"e01cb00\" data-element_type=\"column\">\n\t\t\t<div class=\"elementor-widget-wrap elementor-element-populated\">\n\t\t\t\t\t\t<div class=\"elementor-element elementor-element-6e5ea19 animated-slow exad-sticky-section-no exad-glass-effect-no elementor-invisible elementor-widget elementor-widget-image\" data-id=\"6e5ea19\" data-element_type=\"widget\" data-settings=\"{&quot;_animation&quot;:&quot;slideInRight&quot;}\" data-widget_type=\"image.default\">\n\t\t\t\t<div class=\"elementor-widget-container\">\n\t\t\t\t\t\t\t\t\t\t\t\t\t<img decoding=\"async\" width=\"681\" height=\"485\" src=\"https:\/\/gemnano.com\/wp-content\/uploads\/2022\/04\/Sevin-Turbin-003.webp\" class=\"attachment-full size-full wp-image-4069\" alt=\"\" srcset=\"https:\/\/gemnano.com\/wp-content\/uploads\/2022\/04\/Sevin-Turbin-003.webp 681w, https:\/\/gemnano.com\/wp-content\/uploads\/2022\/04\/Sevin-Turbin-003-300x214.webp 300w\" sizes=\"(max-width: 681px) 100vw, 681px\" \/>\t\t\t\t\t\t\t\t\t\t\t\t\t<\/div>\n\t\t\t\t<\/div>\n\t\t\t\t\t<\/div>\n\t\t<\/div>\n\t\t\t\t\t<\/div>\n\t\t<\/section>\n\t\t\t\t<section class=\"elementor-section elementor-inner-section elementor-element elementor-element-1d4677f elementor-section-boxed elementor-section-height-default elementor-section-height-default exad-glass-effect-no exad-sticky-section-no\" data-id=\"1d4677f\" data-element_type=\"section\">\n\t\t\t\t\t\t<div class=\"elementor-container elementor-column-gap-default\">\n\t\t\t\t\t<div class=\"elementor-column elementor-col-50 elementor-inner-column elementor-element elementor-element-ec79353 exad-glass-effect-no exad-sticky-section-no\" data-id=\"ec79353\" data-element_type=\"column\">\n\t\t\t<div class=\"elementor-widget-wrap elementor-element-populated\">\n\t\t\t\t\t\t<div class=\"elementor-element elementor-element-0874da0 animated-slow exad-sticky-section-no exad-glass-effect-no elementor-invisible elementor-widget elementor-widget-image\" data-id=\"0874da0\" data-element_type=\"widget\" data-settings=\"{&quot;_animation&quot;:&quot;rotateIn&quot;}\" data-widget_type=\"image.default\">\n\t\t\t\t<div class=\"elementor-widget-container\">\n\t\t\t\t\t\t\t\t\t\t\t\t\t<img loading=\"lazy\" decoding=\"async\" width=\"430\" height=\"286\" src=\"https:\/\/gemnano.com\/wp-content\/uploads\/2022\/02\/d5.webp\" class=\"attachment-full size-full wp-image-943\" alt=\"\" srcset=\"https:\/\/gemnano.com\/wp-content\/uploads\/2022\/02\/d5.webp 430w, https:\/\/gemnano.com\/wp-content\/uploads\/2022\/02\/d5-300x200.webp 300w\" sizes=\"(max-width: 430px) 100vw, 430px\" \/>\t\t\t\t\t\t\t\t\t\t\t\t\t<\/div>\n\t\t\t\t<\/div>\n\t\t\t\t\t<\/div>\n\t\t<\/div>\n\t\t\t\t<div class=\"elementor-column elementor-col-50 elementor-inner-column elementor-element elementor-element-97f1f46 exad-glass-effect-no exad-sticky-section-no\" data-id=\"97f1f46\" data-element_type=\"column\">\n\t\t\t<div class=\"elementor-widget-wrap elementor-element-populated\">\n\t\t\t\t\t\t<div class=\"elementor-element elementor-element-e0024ad animated-slow exad-sticky-section-no exad-glass-effect-no elementor-invisible elementor-widget elementor-widget-image\" data-id=\"e0024ad\" data-element_type=\"widget\" data-settings=\"{&quot;_animation&quot;:&quot;slideInUp&quot;}\" data-widget_type=\"image.default\">\n\t\t\t\t<div class=\"elementor-widget-container\">\n\t\t\t\t\t\t\t\t\t\t\t\t\t<img loading=\"lazy\" decoding=\"async\" width=\"1080\" height=\"720\" src=\"https:\/\/gemnano.com\/wp-content\/uploads\/2022\/04\/d2.webp\" class=\"attachment-full size-full wp-image-4173\" alt=\"\" srcset=\"https:\/\/gemnano.com\/wp-content\/uploads\/2022\/04\/d2.webp 1080w, https:\/\/gemnano.com\/wp-content\/uploads\/2022\/04\/d2-300x200.webp 300w, https:\/\/gemnano.com\/wp-content\/uploads\/2022\/04\/d2-1024x683.webp 1024w, https:\/\/gemnano.com\/wp-content\/uploads\/2022\/04\/d2-768x512.webp 768w\" sizes=\"(max-width: 1080px) 100vw, 1080px\" \/>\t\t\t\t\t\t\t\t\t\t\t\t\t<\/div>\n\t\t\t\t<\/div>\n\t\t\t\t\t<\/div>\n\t\t<\/div>\n\t\t\t\t\t<\/div>\n\t\t<\/section>\n\t\t\t\t\t<\/div>\n\t\t<\/div>\n\t\t\t\t\t<\/div>\n\t\t<\/section>\n\t\t\t\t<\/div>\n\t\t","protected":false},"excerpt":{"rendered":"<p>Havac\u0131l\u0131k end\u00fcstrileri Havac\u0131l\u0131k end\u00fcstrileri Nano kaplamalar ayr\u0131ca havac\u0131l\u0131k end\u00fcstrisinde de kullan\u0131lmaktad\u0131r ve ticari olarak uzun y\u0131llard\u0131r kullan\u0131lmaktad\u0131r. Bu alanda nano yap\u0131l\u0131 kaplamalar\u0131n kullan\u0131lmas\u0131 ekipman ve par\u00e7alar\u0131n g\u00fcvenilirli\u011fini ve hizmet \u00f6mr\u00fcn\u00fc artt\u0131rmakta ve bu tip kaplamalar\u0131n uygulanmas\u0131 herhangi bir \u00e7evre kirlili\u011fine neden olmamaktad\u0131r. \u00d6te yandan motor bile\u015fenlerinin y\u00fcksek s\u0131cakl\u0131\u011fa, \u00e7evre ko\u015fullar\u0131na, korozyona ve a\u015f\u0131nmaya kar\u015f\u0131 direnci &hellip;<\/p>\n<p class=\"read-more\"> <a class=\"\" href=\"https:\/\/gemnano.com\/tr\/havacilik-endustrileri\/\"> <span class=\"screen-reader-text\">Havac\u0131l\u0131k end\u00fcstrileri<\/span> Devam\u0131 &raquo;<\/a><\/p>\n","protected":false},"author":1,"featured_media":0,"parent":0,"menu_order":0,"comment_status":"closed","ping_status":"closed","template":"","meta":{"footnotes":""},"class_list":["post-3695","page","type-page","status-publish","hentry"],"_links":{"self":[{"href":"https:\/\/gemnano.com\/tr\/wp-json\/wp\/v2\/pages\/3695","targetHints":{"allow":["GET"]}}],"collection":[{"href":"https:\/\/gemnano.com\/tr\/wp-json\/wp\/v2\/pages"}],"about":[{"href":"https:\/\/gemnano.com\/tr\/wp-json\/wp\/v2\/types\/page"}],"author":[{"embeddable":true,"href":"https:\/\/gemnano.com\/tr\/wp-json\/wp\/v2\/users\/1"}],"replies":[{"embeddable":true,"href":"https:\/\/gemnano.com\/tr\/wp-json\/wp\/v2\/comments?post=3695"}],"version-history":[{"count":4,"href":"https:\/\/gemnano.com\/tr\/wp-json\/wp\/v2\/pages\/3695\/revisions"}],"predecessor-version":[{"id":5476,"href":"https:\/\/gemnano.com\/tr\/wp-json\/wp\/v2\/pages\/3695\/revisions\/5476"}],"wp:attachment":[{"href":"https:\/\/gemnano.com\/tr\/wp-json\/wp\/v2\/media?parent=3695"}],"curies":[{"name":"wp","href":"https:\/\/api.w.org\/{rel}","templated":true}]}}