{"id":3703,"date":"2022-02-24T16:36:32","date_gmt":"2022-02-24T13:06:32","guid":{"rendered":"http:\/\/gemnano.com\/insaat-ve-ev-aletleri-sektoru\/"},"modified":"2022-03-27T13:16:55","modified_gmt":"2022-03-27T08:46:55","slug":"insaat-ve-ev-aletleri-sektoru","status":"publish","type":"page","link":"https:\/\/gemnano.com\/tr\/insaat-ve-ev-aletleri-sektoru\/","title":{"rendered":"\u0130n\u015faat ve Ev aletleri sekt\u00f6r\u00fc"},"content":{"rendered":"\t\t<div data-elementor-type=\"wp-page\" data-elementor-id=\"3703\" class=\"elementor elementor-3703 elementor-953\" data-elementor-post-type=\"page\">\n\t\t\t\t\t\t<section class=\"elementor-section elementor-top-section elementor-element elementor-element-d614c60 elementor-section-boxed elementor-section-height-default elementor-section-height-default exad-glass-effect-no exad-sticky-section-no\" data-id=\"d614c60\" data-element_type=\"section\" data-settings=\"{&quot;background_background&quot;:&quot;classic&quot;}\">\n\t\t\t\t\t\t\t<div class=\"elementor-background-overlay\"><\/div>\n\t\t\t\t\t\t\t<div class=\"elementor-container elementor-column-gap-default\">\n\t\t\t\t\t<div class=\"elementor-column elementor-col-100 elementor-top-column elementor-element elementor-element-a4017b0 exad-glass-effect-no exad-sticky-section-no\" data-id=\"a4017b0\" data-element_type=\"column\">\n\t\t\t<div class=\"elementor-widget-wrap elementor-element-populated\">\n\t\t\t\t\t\t<div class=\"elementor-element elementor-element-969bc7c exad-sticky-section-no exad-glass-effect-no elementor-widget elementor-widget-heading\" data-id=\"969bc7c\" data-element_type=\"widget\" data-widget_type=\"heading.default\">\n\t\t\t\t<div class=\"elementor-widget-container\">\n\t\t\t<h1 class=\"elementor-heading-title elementor-size-default\">\u0130n\u015faat ve Ev aletleri sekt\u00f6r\u00fc<\/h1>\t\t<\/div>\n\t\t\t\t<\/div>\n\t\t\t\t\t<\/div>\n\t\t<\/div>\n\t\t\t\t\t<\/div>\n\t\t<\/section>\n\t\t\t\t<section class=\"elementor-section elementor-top-section elementor-element elementor-element-e487660 elementor-section-boxed elementor-section-height-default elementor-section-height-default exad-glass-effect-no exad-sticky-section-no\" data-id=\"e487660\" data-element_type=\"section\" data-settings=\"{&quot;background_background&quot;:&quot;classic&quot;}\">\n\t\t\t\t\t\t<div class=\"elementor-container elementor-column-gap-default\">\n\t\t\t\t\t<div class=\"elementor-column elementor-col-100 elementor-top-column elementor-element elementor-element-9218d8f exad-glass-effect-no exad-sticky-section-no\" data-id=\"9218d8f\" data-element_type=\"column\">\n\t\t\t<div class=\"elementor-widget-wrap elementor-element-populated\">\n\t\t\t\t\t\t<div class=\"elementor-element elementor-element-dc71d63 elementor-widget__width-auto exad-sticky-section-no exad-glass-effect-no elementor-widget elementor-widget-heading\" data-id=\"dc71d63\" data-element_type=\"widget\" data-widget_type=\"heading.default\">\n\t\t\t\t<div class=\"elementor-widget-container\">\n\t\t\t<h3 class=\"elementor-heading-title elementor-size-default\">\u0130n\u015faat ve Ev aletleri sekt\u00f6r\u00fc<\/h3>\t\t<\/div>\n\t\t\t\t<\/div>\n\t\t\t\t<div class=\"elementor-element elementor-element-21de667 exad-sticky-section-no exad-glass-effect-no elementor-widget elementor-widget-text-editor\" data-id=\"21de667\" data-element_type=\"widget\" data-widget_type=\"text-editor.default\">\n\t\t\t\t<div class=\"elementor-widget-container\">\n\t\t\t\t\t\t\t<p>Nano kaplaman\u0131n in\u015faat sekt\u00f6rlerinde kullan\u0131m\u0131 olduk\u00e7a \u00f6nemlidir. Bu teknoloji, renk \u00e7e\u015fitlili\u011fi, daha iyi y\u00fczey \u00f6zellikleri, \u00e7e\u015fitli malzemeler \u00fczerinde kaplama kolayl\u0131\u011f\u0131, kaplaman\u0131n g\u00fczelli\u011fi ve g\u00f6r\u00fcn\u00fcm\u00fc, leke ve tortular\u0131 emmemesi ve y\u00fcksek ekonomik verimlili\u011fi nedeniyle son y\u0131llarda yayg\u0131n olarak geli\u015fmi\u015ftir. Kulp ve korkuluklar, pano \u015falterleri, banyo ve mutfak aletleri ve s\u0131hhi musluk, Nano kaplamalar\u0131n kullan\u0131labilece\u011fi \u00fcr\u00fcnlerdir.<\/p>\t\t\t\t\t\t<\/div>\n\t\t\t\t<\/div>\n\t\t\t\t<section class=\"elementor-section elementor-inner-section elementor-element elementor-element-cdb2983 elementor-section-boxed elementor-section-height-default elementor-section-height-default exad-glass-effect-no exad-sticky-section-no\" data-id=\"cdb2983\" data-element_type=\"section\">\n\t\t\t\t\t\t<div class=\"elementor-container elementor-column-gap-default\">\n\t\t\t\t\t<div class=\"elementor-column elementor-col-100 elementor-inner-column elementor-element elementor-element-cc92336 exad-glass-effect-no exad-sticky-section-no\" data-id=\"cc92336\" data-element_type=\"column\">\n\t\t\t<div class=\"elementor-widget-wrap elementor-element-populated\">\n\t\t\t\t\t\t<div class=\"elementor-element elementor-element-df05dbf animated-slow exad-sticky-section-no exad-glass-effect-no elementor-invisible elementor-widget elementor-widget-image\" data-id=\"df05dbf\" data-element_type=\"widget\" data-settings=\"{&quot;_animation&quot;:&quot;rotateIn&quot;}\" data-widget_type=\"image.default\">\n\t\t\t\t<div class=\"elementor-widget-container\">\n\t\t\t\t\t\t\t\t\t\t\t\t\t<img fetchpriority=\"high\" decoding=\"async\" width=\"976\" height=\"672\" src=\"https:\/\/gemnano.com\/wp-content\/uploads\/2022\/02\/f2.webp\" class=\"attachment-full size-full wp-image-3043\" alt=\"\" srcset=\"https:\/\/gemnano.com\/wp-content\/uploads\/2022\/02\/f2.webp 976w, https:\/\/gemnano.com\/wp-content\/uploads\/2022\/02\/f2-300x207.webp 300w, https:\/\/gemnano.com\/wp-content\/uploads\/2022\/02\/f2-768x529.webp 768w\" sizes=\"(max-width: 976px) 100vw, 976px\" \/>\t\t\t\t\t\t\t\t\t\t\t\t\t<\/div>\n\t\t\t\t<\/div>\n\t\t\t\t\t<\/div>\n\t\t<\/div>\n\t\t\t\t\t<\/div>\n\t\t<\/section>\n\t\t\t\t<section class=\"elementor-section elementor-inner-section elementor-element elementor-element-b4d0c67 elementor-section-boxed elementor-section-height-default elementor-section-height-default exad-glass-effect-no exad-sticky-section-no\" data-id=\"b4d0c67\" data-element_type=\"section\">\n\t\t\t\t\t\t<div class=\"elementor-container elementor-column-gap-default\">\n\t\t\t\t\t<div class=\"elementor-column elementor-col-50 elementor-inner-column elementor-element elementor-element-aaba519 exad-glass-effect-no exad-sticky-section-no\" data-id=\"aaba519\" data-element_type=\"column\">\n\t\t\t<div class=\"elementor-widget-wrap elementor-element-populated\">\n\t\t\t\t\t\t<div class=\"elementor-element elementor-element-4681ceb animated-slow exad-sticky-section-no exad-glass-effect-no elementor-invisible elementor-widget elementor-widget-image\" data-id=\"4681ceb\" data-element_type=\"widget\" data-settings=\"{&quot;_animation&quot;:&quot;slideInLeft&quot;}\" data-widget_type=\"image.default\">\n\t\t\t\t<div class=\"elementor-widget-container\">\n\t\t\t\t\t\t\t\t\t\t\t\t\t<img decoding=\"async\" width=\"566\" height=\"528\" src=\"https:\/\/gemnano.com\/wp-content\/uploads\/2022\/02\/f3.webp\" class=\"attachment-full size-full wp-image-3044\" alt=\"\" srcset=\"https:\/\/gemnano.com\/wp-content\/uploads\/2022\/02\/f3.webp 566w, https:\/\/gemnano.com\/wp-content\/uploads\/2022\/02\/f3-300x280.webp 300w\" sizes=\"(max-width: 566px) 100vw, 566px\" \/>\t\t\t\t\t\t\t\t\t\t\t\t\t<\/div>\n\t\t\t\t<\/div>\n\t\t\t\t\t<\/div>\n\t\t<\/div>\n\t\t\t\t<div class=\"elementor-column elementor-col-50 elementor-inner-column elementor-element elementor-element-87b5dcd exad-glass-effect-no exad-sticky-section-no\" data-id=\"87b5dcd\" data-element_type=\"column\">\n\t\t\t<div class=\"elementor-widget-wrap elementor-element-populated\">\n\t\t\t\t\t\t<div class=\"elementor-element elementor-element-3ec6736 animated-slow exad-sticky-section-no exad-glass-effect-no elementor-invisible elementor-widget elementor-widget-image\" data-id=\"3ec6736\" data-element_type=\"widget\" data-settings=\"{&quot;_animation&quot;:&quot;slideInRight&quot;}\" data-widget_type=\"image.default\">\n\t\t\t\t<div class=\"elementor-widget-container\">\n\t\t\t\t\t\t\t\t\t\t\t\t\t<img decoding=\"async\" width=\"880\" height=\"583\" src=\"https:\/\/gemnano.com\/wp-content\/uploads\/2022\/02\/f1.webp\" class=\"attachment-full size-full wp-image-3042\" alt=\"\" srcset=\"https:\/\/gemnano.com\/wp-content\/uploads\/2022\/02\/f1.webp 880w, https:\/\/gemnano.com\/wp-content\/uploads\/2022\/02\/f1-300x199.webp 300w, https:\/\/gemnano.com\/wp-content\/uploads\/2022\/02\/f1-768x509.webp 768w\" sizes=\"(max-width: 880px) 100vw, 880px\" \/>\t\t\t\t\t\t\t\t\t\t\t\t\t<\/div>\n\t\t\t\t<\/div>\n\t\t\t\t\t<\/div>\n\t\t<\/div>\n\t\t\t\t\t<\/div>\n\t\t<\/section>\n\t\t\t\t<section class=\"elementor-section elementor-inner-section elementor-element elementor-element-02ff84e elementor-section-boxed elementor-section-height-default elementor-section-height-default exad-glass-effect-no exad-sticky-section-no\" data-id=\"02ff84e\" data-element_type=\"section\">\n\t\t\t\t\t\t<div class=\"elementor-container elementor-column-gap-default\">\n\t\t\t\t\t<div class=\"elementor-column elementor-col-50 elementor-inner-column elementor-element elementor-element-b4fea0a exad-glass-effect-no exad-sticky-section-no\" data-id=\"b4fea0a\" data-element_type=\"column\">\n\t\t\t<div class=\"elementor-widget-wrap elementor-element-populated\">\n\t\t\t\t\t\t<div class=\"elementor-element elementor-element-11d308b animated-slow exad-sticky-section-no exad-glass-effect-no elementor-invisible elementor-widget elementor-widget-image\" data-id=\"11d308b\" data-element_type=\"widget\" data-settings=\"{&quot;_animation&quot;:&quot;rotateInUpRight&quot;}\" data-widget_type=\"image.default\">\n\t\t\t\t<div class=\"elementor-widget-container\">\n\t\t\t\t\t\t\t\t\t\t\t\t\t<img loading=\"lazy\" decoding=\"async\" width=\"386\" height=\"500\" src=\"https:\/\/gemnano.com\/wp-content\/uploads\/2022\/02\/f4.webp\" class=\"attachment-full size-full wp-image-3045\" alt=\"\" srcset=\"https:\/\/gemnano.com\/wp-content\/uploads\/2022\/02\/f4.webp 386w, https:\/\/gemnano.com\/wp-content\/uploads\/2022\/02\/f4-232x300.webp 232w\" sizes=\"(max-width: 386px) 100vw, 386px\" \/>\t\t\t\t\t\t\t\t\t\t\t\t\t<\/div>\n\t\t\t\t<\/div>\n\t\t\t\t\t<\/div>\n\t\t<\/div>\n\t\t\t\t<div class=\"elementor-column elementor-col-50 elementor-inner-column elementor-element elementor-element-4b4b1f4 exad-glass-effect-no exad-sticky-section-no\" data-id=\"4b4b1f4\" data-element_type=\"column\">\n\t\t\t<div class=\"elementor-widget-wrap elementor-element-populated\">\n\t\t\t\t\t\t<div class=\"elementor-element elementor-element-ab4b07c animated-slow exad-sticky-section-no exad-glass-effect-no elementor-invisible elementor-widget elementor-widget-image\" data-id=\"ab4b07c\" data-element_type=\"widget\" data-settings=\"{&quot;_animation&quot;:&quot;rotateInUpLeft&quot;}\" data-widget_type=\"image.default\">\n\t\t\t\t<div class=\"elementor-widget-container\">\n\t\t\t\t\t\t\t\t\t\t\t\t\t<img loading=\"lazy\" decoding=\"async\" width=\"1080\" height=\"716\" src=\"https:\/\/gemnano.com\/wp-content\/uploads\/2022\/02\/f5.webp\" class=\"attachment-full size-full wp-image-3046\" alt=\"\" srcset=\"https:\/\/gemnano.com\/wp-content\/uploads\/2022\/02\/f5.webp 1080w, https:\/\/gemnano.com\/wp-content\/uploads\/2022\/02\/f5-300x199.webp 300w, https:\/\/gemnano.com\/wp-content\/uploads\/2022\/02\/f5-1024x679.webp 1024w, https:\/\/gemnano.com\/wp-content\/uploads\/2022\/02\/f5-768x509.webp 768w\" sizes=\"(max-width: 1080px) 100vw, 1080px\" \/>\t\t\t\t\t\t\t\t\t\t\t\t\t<\/div>\n\t\t\t\t<\/div>\n\t\t\t\t\t<\/div>\n\t\t<\/div>\n\t\t\t\t\t<\/div>\n\t\t<\/section>\n\t\t\t\t<section class=\"elementor-section elementor-inner-section elementor-element elementor-element-fbe85d3 elementor-section-boxed elementor-section-height-default elementor-section-height-default exad-glass-effect-no exad-sticky-section-no\" data-id=\"fbe85d3\" data-element_type=\"section\">\n\t\t\t\t\t\t<div class=\"elementor-container elementor-column-gap-default\">\n\t\t\t\t\t<div class=\"elementor-column elementor-col-50 elementor-inner-column elementor-element elementor-element-ff8566a exad-glass-effect-no exad-sticky-section-no\" data-id=\"ff8566a\" data-element_type=\"column\">\n\t\t\t<div class=\"elementor-widget-wrap elementor-element-populated\">\n\t\t\t\t\t\t<div class=\"elementor-element elementor-element-2e6da05 animated-slow exad-sticky-section-no exad-glass-effect-no elementor-invisible elementor-widget elementor-widget-image\" data-id=\"2e6da05\" data-element_type=\"widget\" data-settings=\"{&quot;_animation&quot;:&quot;rotateInUpRight&quot;}\" data-widget_type=\"image.default\">\n\t\t\t\t<div class=\"elementor-widget-container\">\n\t\t\t\t\t\t\t\t\t\t\t\t\t<img loading=\"lazy\" decoding=\"async\" width=\"1060\" height=\"702\" src=\"https:\/\/gemnano.com\/wp-content\/uploads\/2022\/02\/f7.webp\" class=\"attachment-full size-full wp-image-3048\" alt=\"\" srcset=\"https:\/\/gemnano.com\/wp-content\/uploads\/2022\/02\/f7.webp 1060w, https:\/\/gemnano.com\/wp-content\/uploads\/2022\/02\/f7-300x199.webp 300w, https:\/\/gemnano.com\/wp-content\/uploads\/2022\/02\/f7-1024x678.webp 1024w, https:\/\/gemnano.com\/wp-content\/uploads\/2022\/02\/f7-768x509.webp 768w\" sizes=\"(max-width: 1060px) 100vw, 1060px\" \/>\t\t\t\t\t\t\t\t\t\t\t\t\t<\/div>\n\t\t\t\t<\/div>\n\t\t\t\t\t<\/div>\n\t\t<\/div>\n\t\t\t\t<div class=\"elementor-column elementor-col-50 elementor-inner-column elementor-element elementor-element-f6b5264 exad-glass-effect-no exad-sticky-section-no\" data-id=\"f6b5264\" data-element_type=\"column\">\n\t\t\t<div class=\"elementor-widget-wrap elementor-element-populated\">\n\t\t\t\t\t\t<div class=\"elementor-element elementor-element-1f0c048 animated-slow exad-sticky-section-no exad-glass-effect-no elementor-invisible elementor-widget elementor-widget-image\" data-id=\"1f0c048\" data-element_type=\"widget\" data-settings=\"{&quot;_animation&quot;:&quot;rotateInUpRight&quot;}\" data-widget_type=\"image.default\">\n\t\t\t\t<div class=\"elementor-widget-container\">\n\t\t\t\t\t\t\t\t\t\t\t\t\t<img loading=\"lazy\" decoding=\"async\" width=\"1080\" height=\"716\" src=\"https:\/\/gemnano.com\/wp-content\/uploads\/2022\/02\/f6.webp\" class=\"attachment-full size-full wp-image-3047\" alt=\"\" srcset=\"https:\/\/gemnano.com\/wp-content\/uploads\/2022\/02\/f6.webp 1080w, https:\/\/gemnano.com\/wp-content\/uploads\/2022\/02\/f6-300x199.webp 300w, https:\/\/gemnano.com\/wp-content\/uploads\/2022\/02\/f6-1024x679.webp 1024w, https:\/\/gemnano.com\/wp-content\/uploads\/2022\/02\/f6-768x509.webp 768w\" sizes=\"(max-width: 1080px) 100vw, 1080px\" \/>\t\t\t\t\t\t\t\t\t\t\t\t\t<\/div>\n\t\t\t\t<\/div>\n\t\t\t\t\t<\/div>\n\t\t<\/div>\n\t\t\t\t\t<\/div>\n\t\t<\/section>\n\t\t\t\t\t<\/div>\n\t\t<\/div>\n\t\t\t\t\t<\/div>\n\t\t<\/section>\n\t\t\t\t<\/div>\n\t\t","protected":false},"excerpt":{"rendered":"<p>\u0130n\u015faat ve Ev aletleri sekt\u00f6r\u00fc \u0130n\u015faat ve Ev aletleri sekt\u00f6r\u00fc Nano kaplaman\u0131n in\u015faat sekt\u00f6rlerinde kullan\u0131m\u0131 olduk\u00e7a \u00f6nemlidir. Bu teknoloji, renk \u00e7e\u015fitlili\u011fi, daha iyi y\u00fczey \u00f6zellikleri, \u00e7e\u015fitli malzemeler \u00fczerinde kaplama kolayl\u0131\u011f\u0131, kaplaman\u0131n g\u00fczelli\u011fi ve g\u00f6r\u00fcn\u00fcm\u00fc, leke ve tortular\u0131 emmemesi ve y\u00fcksek ekonomik verimlili\u011fi nedeniyle son y\u0131llarda yayg\u0131n olarak geli\u015fmi\u015ftir. Kulp ve korkuluklar, pano \u015falterleri, banyo ve &hellip;<\/p>\n<p class=\"read-more\"> <a class=\"\" href=\"https:\/\/gemnano.com\/tr\/insaat-ve-ev-aletleri-sektoru\/\"> <span class=\"screen-reader-text\">\u0130n\u015faat ve Ev aletleri sekt\u00f6r\u00fc<\/span> Devam\u0131 &raquo;<\/a><\/p>\n","protected":false},"author":1,"featured_media":0,"parent":0,"menu_order":0,"comment_status":"closed","ping_status":"closed","template":"","meta":{"footnotes":""},"class_list":["post-3703","page","type-page","status-publish","hentry"],"_links":{"self":[{"href":"https:\/\/gemnano.com\/tr\/wp-json\/wp\/v2\/pages\/3703","targetHints":{"allow":["GET"]}}],"collection":[{"href":"https:\/\/gemnano.com\/tr\/wp-json\/wp\/v2\/pages"}],"about":[{"href":"https:\/\/gemnano.com\/tr\/wp-json\/wp\/v2\/types\/page"}],"author":[{"embeddable":true,"href":"https:\/\/gemnano.com\/tr\/wp-json\/wp\/v2\/users\/1"}],"replies":[{"embeddable":true,"href":"https:\/\/gemnano.com\/tr\/wp-json\/wp\/v2\/comments?post=3703"}],"version-history":[{"count":8,"href":"https:\/\/gemnano.com\/tr\/wp-json\/wp\/v2\/pages\/3703\/revisions"}],"predecessor-version":[{"id":3971,"href":"https:\/\/gemnano.com\/tr\/wp-json\/wp\/v2\/pages\/3703\/revisions\/3971"}],"wp:attachment":[{"href":"https:\/\/gemnano.com\/tr\/wp-json\/wp\/v2\/media?parent=3703"}],"curies":[{"name":"wp","href":"https:\/\/api.w.org\/{rel}","templated":true}]}}