{"id":3708,"date":"2018-06-07T05:37:02","date_gmt":"2018-06-07T01:07:02","guid":{"rendered":"http:\/\/gemnano.com\/tanitim\/"},"modified":"2022-03-19T16:53:58","modified_gmt":"2022-03-19T13:23:58","slug":"tanitim","status":"publish","type":"page","link":"https:\/\/gemnano.com\/tr\/tanitim\/","title":{"rendered":"Tan\u0131t\u0131m"},"content":{"rendered":"\t\t<div data-elementor-type=\"wp-post\" data-elementor-id=\"3708\" class=\"elementor elementor-3708 elementor-436\" data-elementor-post-type=\"page\">\n\t\t\t\t\t\t<section class=\"elementor-section elementor-top-section elementor-element elementor-element-0c3fc97 elementor-section-boxed elementor-section-height-default elementor-section-height-default exad-glass-effect-no exad-sticky-section-no\" data-id=\"0c3fc97\" data-element_type=\"section\" data-settings=\"{&quot;background_background&quot;:&quot;classic&quot;}\">\n\t\t\t\t\t\t<div class=\"elementor-container elementor-column-gap-default\">\n\t\t\t\t\t<div class=\"elementor-column elementor-col-100 elementor-top-column elementor-element elementor-element-af4c9f2 exad-glass-effect-no exad-sticky-section-no\" data-id=\"af4c9f2\" data-element_type=\"column\">\n\t\t\t<div class=\"elementor-widget-wrap elementor-element-populated\">\n\t\t\t\t\t\t<div class=\"elementor-element elementor-element-18c3d8f exad-sticky-section-no exad-glass-effect-no elementor-widget elementor-widget-heading\" data-id=\"18c3d8f\" data-element_type=\"widget\" data-widget_type=\"heading.default\">\n\t\t\t\t<div class=\"elementor-widget-container\">\n\t\t\t<h1 class=\"elementor-heading-title elementor-size-default\">Tan\u0131t\u0131m<\/h1>\t\t<\/div>\n\t\t\t\t<\/div>\n\t\t\t\t\t<\/div>\n\t\t<\/div>\n\t\t\t\t\t<\/div>\n\t\t<\/section>\n\t\t\t\t<section class=\"elementor-section elementor-top-section elementor-element elementor-element-e1aa6d5 elementor-section-boxed elementor-section-height-default elementor-section-height-default exad-glass-effect-no exad-sticky-section-no\" data-id=\"e1aa6d5\" data-element_type=\"section\" data-settings=\"{&quot;background_background&quot;:&quot;classic&quot;}\">\n\t\t\t\t\t\t<div class=\"elementor-container elementor-column-gap-default\">\n\t\t\t\t\t<div class=\"elementor-column elementor-col-100 elementor-top-column elementor-element elementor-element-a66be0b exad-glass-effect-no exad-sticky-section-no\" data-id=\"a66be0b\" data-element_type=\"column\">\n\t\t\t<div class=\"elementor-widget-wrap elementor-element-populated\">\n\t\t\t\t\t\t<div class=\"elementor-element elementor-element-425096b elementor-widget__width-auto exad-sticky-section-no exad-glass-effect-no elementor-widget elementor-widget-heading\" data-id=\"425096b\" data-element_type=\"widget\" data-widget_type=\"heading.default\">\n\t\t\t\t<div class=\"elementor-widget-container\">\n\t\t\t<span class=\"elementor-heading-title elementor-size-default\">Tan\u0131t\u0131m<\/span>\t\t<\/div>\n\t\t\t\t<\/div>\n\t\t\t\t<section class=\"elementor-section elementor-inner-section elementor-element elementor-element-685465c elementor-section-boxed elementor-section-height-default elementor-section-height-default exad-glass-effect-no exad-sticky-section-no\" data-id=\"685465c\" data-element_type=\"section\">\n\t\t\t\t\t\t<div class=\"elementor-container elementor-column-gap-default\">\n\t\t\t\t\t<div class=\"elementor-column elementor-col-50 elementor-inner-column elementor-element elementor-element-0996428 exad-glass-effect-no exad-sticky-section-no\" data-id=\"0996428\" data-element_type=\"column\">\n\t\t\t<div class=\"elementor-widget-wrap elementor-element-populated\">\n\t\t\t\t\t\t<div class=\"elementor-element elementor-element-80a3c49 exad-sticky-section-no exad-glass-effect-no elementor-widget elementor-widget-text-editor\" data-id=\"80a3c49\" data-element_type=\"widget\" data-widget_type=\"text-editor.default\">\n\t\t\t\t<div class=\"elementor-widget-container\">\n\t\t\t\t\t\t\t<p>Say\u0131n Hassan Jahdi y\u00f6netimindeki GEM Nano-kaplama \u015firketi, bu \u00fcr\u00fcn\u00fcn d\u00fcnyadaki son geli\u015fimine g\u00f6re 2000 y\u0131l\u0131ndan bu yana s\u00fcper sert korozyon ve erozyona dayan\u0131kl\u0131 kaplamalarda kendi teknolojisini geli\u015ftirmi\u015ftir. Ayr\u0131ca bu firma hem kaplama teknolojisini hem de kaplama makineleri teknolojisini bir arada geli\u015ftirebilen firmalardan biridir. Bu \u015firketin teknolojisi, makinelerinin ilk nesli ile ba\u015flad\u0131 ve \u015fimdi 5. nesile kadar geli\u015fti.<br>Gem Nano kaplama, Bay Jahdi&#8217;nin PVD s\u00fcper sert makinelerinin tasar\u0131m ve \u00fcretiminde 22 y\u0131l\u0131 a\u015fk\u0131n deneyimin avantaj\u0131d\u0131r.<\/p><div><p>PVD kaplama teknolojisi, i\u015f ko\u015fullar\u0131na g\u00f6re par\u00e7alar\u0131n y\u00fczey \u00f6zelliklerini iyile\u015ftirmek i\u00e7in g\u00fcn\u00fcm\u00fczde pek \u00e7ok end\u00fcstriyel par\u00e7a i\u00e7in ger\u00e7ekle\u015ftirilen ve geli\u015ftirilen d\u00fcnyadaki en katma de\u011ferli teknolojilerden biridir. Bu kaplama d\u00fcnyada 1950 y\u0131l\u0131ndan beri geli\u015ftirilmi\u015ftir ve kaplamalar\u0131n farkl\u0131 bile\u015fik ve yap\u0131larda geli\u015ftirilerek bir\u00e7ok ileri PVD kaplama \u00e7e\u015fidi mevcuttur.<\/p><\/div>\t\t\t\t\t\t<\/div>\n\t\t\t\t<\/div>\n\t\t\t\t<div class=\"elementor-element elementor-element-471a77b exad-sticky-section-no exad-glass-effect-no elementor-widget elementor-widget-heading\" data-id=\"471a77b\" data-element_type=\"widget\" data-widget_type=\"heading.default\">\n\t\t\t\t<div class=\"elementor-widget-container\">\n\t\t\t<span class=\"elementor-heading-title elementor-size-default\">Bu kaplamalar\u0131n uygulanmas\u0131, a\u015fa\u011f\u0131dakiler gibi \u00e7e\u015fitli varyasyonlarda geli\u015ftirilmi\u015ftir:<\/span>\t\t<\/div>\n\t\t\t\t<\/div>\n\t\t\t\t<div class=\"elementor-element elementor-element-f3ccf39 elementor-icon-list--layout-inline elementor-list-item-link-inline exad-sticky-section-no exad-glass-effect-no elementor-widget elementor-widget-icon-list\" data-id=\"f3ccf39\" data-element_type=\"widget\" data-widget_type=\"icon-list.default\">\n\t\t\t\t<div class=\"elementor-widget-container\">\n\t\t\t\t\t<ul class=\"elementor-icon-list-items elementor-inline-items\">\n\t\t\t\t\t\t\t<li class=\"elementor-icon-list-item elementor-inline-item\">\n\t\t\t\t\t\t\t\t\t\t\t<span class=\"elementor-icon-list-icon\">\n\t\t\t\t\t\t\t<i aria-hidden=\"true\" class=\"fas fa-check\"><\/i>\t\t\t\t\t\t<\/span>\n\t\t\t\t\t\t\t\t\t\t<span class=\"elementor-icon-list-text\">Korozyon ve erozyon s\u00fcper sert kaplama<\/span>\n\t\t\t\t\t\t\t\t\t<\/li>\n\t\t\t\t\t\t\t\t<li class=\"elementor-icon-list-item elementor-inline-item\">\n\t\t\t\t\t\t\t\t\t\t\t<span class=\"elementor-icon-list-icon\">\n\t\t\t\t\t\t\t<i aria-hidden=\"true\" class=\"fas fa-check\"><\/i>\t\t\t\t\t\t<\/span>\n\t\t\t\t\t\t\t\t\t\t<span class=\"elementor-icon-list-text\">Dekoratif kaplama<\/span>\n\t\t\t\t\t\t\t\t\t<\/li>\n\t\t\t\t\t\t\t\t<li class=\"elementor-icon-list-item elementor-inline-item\">\n\t\t\t\t\t\t\t\t\t\t\t<span class=\"elementor-icon-list-icon\">\n\t\t\t\t\t\t\t<i aria-hidden=\"true\" class=\"fas fa-check\"><\/i>\t\t\t\t\t\t<\/span>\n\t\t\t\t\t\t\t\t\t\t<span class=\"elementor-icon-list-text\">optik kaplama<\/span>\n\t\t\t\t\t\t\t\t\t<\/li>\n\t\t\t\t\t\t\t\t<li class=\"elementor-icon-list-item elementor-inline-item\">\n\t\t\t\t\t\t\t\t\t\t\t<span class=\"elementor-icon-list-icon\">\n\t\t\t\t\t\t\t<i aria-hidden=\"true\" class=\"fas fa-check\"><\/i>\t\t\t\t\t\t<\/span>\n\t\t\t\t\t\t\t\t\t\t<span class=\"elementor-icon-list-text\">\u00d6zel tasarlanm\u0131\u015f \u00e7ok ama\u00e7l\u0131 kaplama <\/span>\n\t\t\t\t\t\t\t\t\t<\/li>\n\t\t\t\t\t\t<\/ul>\n\t\t\t\t<\/div>\n\t\t\t\t<\/div>\n\t\t\t\t\t<\/div>\n\t\t<\/div>\n\t\t\t\t<div class=\"elementor-column elementor-col-50 elementor-inner-column elementor-element elementor-element-d1829ef exad-glass-effect-no exad-sticky-section-no\" data-id=\"d1829ef\" data-element_type=\"column\" data-settings=\"{&quot;background_background&quot;:&quot;classic&quot;}\">\n\t\t\t<div class=\"elementor-widget-wrap elementor-element-populated\">\n\t\t\t\t\t\t<div class=\"elementor-element elementor-element-a205e66 exad-sticky-section-no exad-glass-effect-no elementor-widget elementor-widget-image\" data-id=\"a205e66\" data-element_type=\"widget\" data-widget_type=\"image.default\">\n\t\t\t\t<div class=\"elementor-widget-container\">\n\t\t\t\t\t\t\t\t\t\t<figure class=\"wp-caption\">\n\t\t\t\t\t\t\t\t\t\t<img fetchpriority=\"high\" decoding=\"async\" width=\"194\" height=\"291\" src=\"https:\/\/gemnano.com\/wp-content\/uploads\/2022\/03\/hasan-jahadi.webp\" class=\"attachment-full size-full wp-image-3111\" alt=\"\" \/>\t\t\t\t\t\t\t\t\t\t\t<figcaption class=\"widget-image-caption wp-caption-text\">Hassan Jahdi GEM Nano kaplaman\u0131n CEO'su ve<\/figcaption>\n\t\t\t\t\t\t\t\t\t\t<\/figure>\n\t\t\t\t\t\t\t<\/div>\n\t\t\t\t<\/div>\n\t\t\t\t<div class=\"elementor-element elementor-element-c005ce8 exad-sticky-section-no exad-glass-effect-no elementor-widget elementor-widget-image\" data-id=\"c005ce8\" data-element_type=\"widget\" data-widget_type=\"image.default\">\n\t\t\t\t<div class=\"elementor-widget-container\">\n\t\t\t\t\t\t\t\t\t\t\t\t\t<img decoding=\"async\" width=\"291\" height=\"194\" src=\"https:\/\/gemnano.com\/wp-content\/uploads\/2022\/03\/about-us.webp\" class=\"attachment-full size-full wp-image-3112\" alt=\"\" \/>\t\t\t\t\t\t\t\t\t\t\t\t\t<\/div>\n\t\t\t\t<\/div>\n\t\t\t\t\t<\/div>\n\t\t<\/div>\n\t\t\t\t\t<\/div>\n\t\t<\/section>\n\t\t\t\t\t<\/div>\n\t\t<\/div>\n\t\t\t\t\t<\/div>\n\t\t<\/section>\n\t\t\t\t<\/div>\n\t\t","protected":false},"excerpt":{"rendered":"<p>Tan\u0131t\u0131m Tan\u0131t\u0131m Say\u0131n Hassan Jahdi y\u00f6netimindeki GEM Nano-kaplama \u015firketi, bu \u00fcr\u00fcn\u00fcn d\u00fcnyadaki son geli\u015fimine g\u00f6re 2000 y\u0131l\u0131ndan bu yana s\u00fcper sert korozyon ve erozyona dayan\u0131kl\u0131 kaplamalarda kendi teknolojisini geli\u015ftirmi\u015ftir. Ayr\u0131ca bu firma hem kaplama teknolojisini hem de kaplama makineleri teknolojisini bir arada geli\u015ftirebilen firmalardan biridir. Bu \u015firketin teknolojisi, makinelerinin ilk nesli ile ba\u015flad\u0131 ve \u015fimdi &hellip;<\/p>\n<p class=\"read-more\"> <a class=\"\" href=\"https:\/\/gemnano.com\/tr\/tanitim\/\"> <span class=\"screen-reader-text\">Tan\u0131t\u0131m<\/span> Devam\u0131 &raquo;<\/a><\/p>\n","protected":false},"author":1,"featured_media":0,"parent":0,"menu_order":0,"comment_status":"closed","ping_status":"closed","template":"","meta":{"footnotes":""},"class_list":["post-3708","page","type-page","status-publish","hentry"],"_links":{"self":[{"href":"https:\/\/gemnano.com\/tr\/wp-json\/wp\/v2\/pages\/3708","targetHints":{"allow":["GET"]}}],"collection":[{"href":"https:\/\/gemnano.com\/tr\/wp-json\/wp\/v2\/pages"}],"about":[{"href":"https:\/\/gemnano.com\/tr\/wp-json\/wp\/v2\/types\/page"}],"author":[{"embeddable":true,"href":"https:\/\/gemnano.com\/tr\/wp-json\/wp\/v2\/users\/1"}],"replies":[{"embeddable":true,"href":"https:\/\/gemnano.com\/tr\/wp-json\/wp\/v2\/comments?post=3708"}],"version-history":[{"count":3,"href":"https:\/\/gemnano.com\/tr\/wp-json\/wp\/v2\/pages\/3708\/revisions"}],"predecessor-version":[{"id":3743,"href":"https:\/\/gemnano.com\/tr\/wp-json\/wp\/v2\/pages\/3708\/revisions\/3743"}],"wp:attachment":[{"href":"https:\/\/gemnano.com\/tr\/wp-json\/wp\/v2\/media?parent=3708"}],"curies":[{"name":"wp","href":"https:\/\/api.w.org\/{rel}","templated":true}]}}